{"id":521,"date":"2024-07-23T12:42:10","date_gmt":"2024-07-23T10:42:10","guid":{"rendered":"https:\/\/giteduhautmorvan.fr\/contact-and-access\/"},"modified":"2024-09-18T11:36:23","modified_gmt":"2024-09-18T09:36:23","slug":"contact-and-access","status":"publish","type":"page","link":"https:\/\/giteduhautmorvan.fr\/en\/contact-and-access\/","title":{"rendered":"Contact and access"},"content":{"rendered":"\t\t<div data-elementor-type=\"wp-page\" data-elementor-id=\"521\" class=\"elementor elementor-521 elementor-151\">\n\t\t\t\t<div class=\"elementor-element elementor-element-c39ec2c e-con-full e-flex e-con e-parent\" data-id=\"c39ec2c\" data-element_type=\"container\" data-e-type=\"container\" data-settings=\"{&quot;background_background&quot;:&quot;classic&quot;}\">\n\t\t\t\t<\/div>\n\t\t<div class=\"elementor-element elementor-element-93a1f94 e-flex e-con-boxed e-con e-parent\" data-id=\"93a1f94\" data-element_type=\"container\" data-e-type=\"container\">\n\t\t\t\t\t<div class=\"e-con-inner\">\n\t\t\t\t<div class=\"elementor-element elementor-element-2bb6a0a elementor-widget elementor-widget-heading\" data-id=\"2bb6a0a\" data-element_type=\"widget\" data-e-type=\"widget\" data-widget_type=\"heading.default\">\n\t\t\t\t<div class=\"elementor-widget-container\">\n\t\t\t\t\t<h2 class=\"elementor-heading-title elementor-size-default\">Join us  <\/h2>\t\t\t\t<\/div>\n\t\t\t\t<\/div>\n\t\t\t\t\t<\/div>\n\t\t\t\t<\/div>\n\t\t<div class=\"elementor-element elementor-element-803a3a5 e-flex e-con-boxed e-con e-parent\" data-id=\"803a3a5\" data-element_type=\"container\" data-e-type=\"container\">\n\t\t\t\t\t<div class=\"e-con-inner\">\n\t\t<div class=\"elementor-element elementor-element-6802eec e-con-full e-flex e-con e-child\" data-id=\"6802eec\" data-element_type=\"container\" data-e-type=\"container\">\n\t\t\t\t<div class=\"elementor-element elementor-element-a9f2c98 elementor-widget elementor-widget-google_maps\" data-id=\"a9f2c98\" data-element_type=\"widget\" data-e-type=\"widget\" data-widget_type=\"google_maps.default\">\n\t\t\t\t<div class=\"elementor-widget-container\">\n\t\t\t\t\t\t\t<div class=\"elementor-custom-embed\">\n\t\t\t<iframe loading=\"lazy\"\n\t\t\t\t\tsrc=\"https:\/\/maps.google.com\/maps?q=11%20rue%20de%20l%27eglise%2058430%20Arleuf&#038;t=m&#038;z=10&#038;output=embed&#038;iwloc=near\"\n\t\t\t\t\ttitle=\"11 rue de l&#039;eglise 58430 Arleuf\"\n\t\t\t\t\taria-label=\"11 rue de l&#039;eglise 58430 Arleuf\"\n\t\t\t><\/iframe>\n\t\t<\/div>\n\t\t\t\t\t\t<\/div>\n\t\t\t\t<\/div>\n\t\t\t\t<\/div>\n\t\t<div class=\"elementor-element elementor-element-f7760ed e-con-full e-flex e-con e-child\" data-id=\"f7760ed\" data-element_type=\"container\" data-e-type=\"container\">\n\t\t\t\t<div class=\"elementor-element elementor-element-d331d4b elementor-widget elementor-widget-text-editor\" data-id=\"d331d4b\" data-element_type=\"widget\" data-e-type=\"widget\" data-widget_type=\"text-editor.default\">\n\t\t\t\t<div class=\"elementor-widget-container\">\n\t\t\t\t\t\t\t\t\t<p><strong>Le G\u00eete du Haut Morvan<\/strong><\/p>\n<p>11 rue de l&#8217;Eglise<br \/>58430 ARLEUF<\/p>\n\t\t\t\t\t\t\t\t<\/div>\n\t\t\t\t<\/div>\n\t\t\t\t<div class=\"elementor-element elementor-element-a3a0f24 elementor-widget elementor-widget-text-editor\" data-id=\"a3a0f24\" data-element_type=\"widget\" data-e-type=\"widget\" data-widget_type=\"text-editor.default\">\n\t\t\t\t<div class=\"elementor-widget-container\">\n\t\t\t\t\t\t\t\t\t<p><strong>By road :<\/strong><\/p><p>The &#8220;G\u00eete du haut Morvan&#8221; is 10 min from Ch\u00e2teau-Chinon, 30 min from Autun, 45 min from Nevers, 1h30 from Dijon.<\/p><p><strong>By train :<\/strong><\/p><p>Nevers or Le Creusot TGV station, then by road<\/p>\t\t\t\t\t\t\t\t<\/div>\n\t\t\t\t<\/div>\n\t\t\t\t<\/div>\n\t\t\t\t\t<\/div>\n\t\t\t\t<\/div>\n\t\t<div class=\"elementor-element elementor-element-14f4738 e-flex e-con-boxed e-con e-parent\" data-id=\"14f4738\" data-element_type=\"container\" data-e-type=\"container\">\n\t\t\t\t\t<div class=\"e-con-inner\">\n\t\t<div class=\"elementor-element elementor-element-b7a5dad e-con-full e-flex e-con e-child\" data-id=\"b7a5dad\" data-element_type=\"container\" data-e-type=\"container\" data-settings=\"{&quot;background_background&quot;:&quot;classic&quot;}\">\n\t\t\t\t<div class=\"elementor-element elementor-element-91c1891 elementor-widget elementor-widget-heading\" data-id=\"91c1891\" data-element_type=\"widget\" data-e-type=\"widget\" data-widget_type=\"heading.default\">\n\t\t\t\t<div class=\"elementor-widget-container\">\n\t\t\t\t\t<h2 class=\"elementor-heading-title elementor-size-default\">By phone<\/h2>\t\t\t\t<\/div>\n\t\t\t\t<\/div>\n\t\t\t\t<div class=\"elementor-element elementor-element-f393a84 elementor-icon-list--layout-traditional elementor-list-item-link-full_width elementor-widget elementor-widget-icon-list\" data-id=\"f393a84\" data-element_type=\"widget\" data-e-type=\"widget\" data-widget_type=\"icon-list.default\">\n\t\t\t\t<div class=\"elementor-widget-container\">\n\t\t\t\t\t\t\t<ul class=\"elementor-icon-list-items\">\n\t\t\t\t\t\t\t<li class=\"elementor-icon-list-item\">\n\t\t\t\t\t\t\t\t\t\t\t<span class=\"elementor-icon-list-icon\">\n\t\t\t\t\t\t\t<svg aria-hidden=\"true\" class=\"e-font-icon-svg e-fas-phone-alt\" viewBox=\"0 0 512 512\" xmlns=\"http:\/\/www.w3.org\/2000\/svg\"><path d=\"M497.39 361.8l-112-48a24 24 0 0 0-28 6.9l-49.6 60.6A370.66 370.66 0 0 1 130.6 204.11l60.6-49.6a23.94 23.94 0 0 0 6.9-28l-48-112A24.16 24.16 0 0 0 122.6.61l-104 24A24 24 0 0 0 0 48c0 256.5 207.9 464 464 464a24 24 0 0 0 23.4-18.6l24-104a24.29 24.29 0 0 0-14.01-27.6z\"><\/path><\/svg>\t\t\t\t\t\t<\/span>\n\t\t\t\t\t\t\t\t\t\t<span class=\"elementor-icon-list-text\">06 46 40 74 74<\/span>\n\t\t\t\t\t\t\t\t\t<\/li>\n\t\t\t\t\t\t<\/ul>\n\t\t\t\t\t\t<\/div>\n\t\t\t\t<\/div>\n\t\t\t\t<div class=\"elementor-element elementor-element-bde1967 elementor-widget elementor-widget-heading\" data-id=\"bde1967\" data-element_type=\"widget\" data-e-type=\"widget\" data-widget_type=\"heading.default\">\n\t\t\t\t<div class=\"elementor-widget-container\">\n\t\t\t\t\t<h2 class=\"elementor-heading-title elementor-size-default\">By mail<\/h2>\t\t\t\t<\/div>\n\t\t\t\t<\/div>\n\t\t\t\t<div class=\"elementor-element elementor-element-4faba53 elementor-icon-list--layout-traditional elementor-list-item-link-full_width elementor-widget elementor-widget-icon-list\" data-id=\"4faba53\" data-element_type=\"widget\" data-e-type=\"widget\" data-widget_type=\"icon-list.default\">\n\t\t\t\t<div class=\"elementor-widget-container\">\n\t\t\t\t\t\t\t<ul class=\"elementor-icon-list-items\">\n\t\t\t\t\t\t\t<li class=\"elementor-icon-list-item\">\n\t\t\t\t\t\t\t\t\t\t\t<span class=\"elementor-icon-list-icon\">\n\t\t\t\t\t\t\t<svg aria-hidden=\"true\" class=\"e-font-icon-svg e-fas-envelope\" viewBox=\"0 0 512 512\" xmlns=\"http:\/\/www.w3.org\/2000\/svg\"><path d=\"M502.3 190.8c3.9-3.1 9.7-.2 9.7 4.7V400c0 26.5-21.5 48-48 48H48c-26.5 0-48-21.5-48-48V195.6c0-5 5.7-7.8 9.7-4.7 22.4 17.4 52.1 39.5 154.1 113.6 21.1 15.4 56.7 47.8 92.2 47.6 35.7.3 72-32.8 92.3-47.6 102-74.1 131.6-96.3 154-113.7zM256 320c23.2.4 56.6-29.2 73.4-41.4 132.7-96.3 142.8-104.7 173.4-128.7 5.8-4.5 9.2-11.5 9.2-18.9v-19c0-26.5-21.5-48-48-48H48C21.5 64 0 85.5 0 112v19c0 7.4 3.4 14.3 9.2 18.9 30.6 23.9 40.7 32.4 173.4 128.7 16.8 12.2 50.2 41.8 73.4 41.4z\"><\/path><\/svg>\t\t\t\t\t\t<\/span>\n\t\t\t\t\t\t\t\t\t\t<span class=\"elementor-icon-list-text\">contact@giteduhautmorvan.fr<\/span>\n\t\t\t\t\t\t\t\t\t<\/li>\n\t\t\t\t\t\t<\/ul>\n\t\t\t\t\t\t<\/div>\n\t\t\t\t<\/div>\n\t\t\t\t<div class=\"elementor-element elementor-element-0fd3519 elementor-widget elementor-widget-image\" data-id=\"0fd3519\" data-element_type=\"widget\" data-e-type=\"widget\" data-widget_type=\"image.default\">\n\t\t\t\t<div class=\"elementor-widget-container\">\n\t\t\t\t\t\t\t\t\t\t\t\t\t\t\t<img fetchpriority=\"high\" decoding=\"async\" width=\"768\" height=\"512\" src=\"https:\/\/giteduhautmorvan.fr\/wp-content\/uploads\/2024\/09\/Gite-du-Haut-Morvan-nous-768x512.jpg\" class=\"attachment-medium_large size-medium_large wp-image-486\" alt=\"\" srcset=\"https:\/\/giteduhautmorvan.fr\/wp-content\/uploads\/2024\/09\/Gite-du-Haut-Morvan-nous-768x512.jpg 768w, https:\/\/giteduhautmorvan.fr\/wp-content\/uploads\/2024\/09\/Gite-du-Haut-Morvan-nous-300x200.jpg 300w, https:\/\/giteduhautmorvan.fr\/wp-content\/uploads\/2024\/09\/Gite-du-Haut-Morvan-nous-1024x683.jpg 1024w, https:\/\/giteduhautmorvan.fr\/wp-content\/uploads\/2024\/09\/Gite-du-Haut-Morvan-nous-1536x1024.jpg 1536w, https:\/\/giteduhautmorvan.fr\/wp-content\/uploads\/2024\/09\/Gite-du-Haut-Morvan-nous-2048x1365.jpg 2048w\" sizes=\"(max-width: 768px) 100vw, 768px\" \/>\t\t\t\t\t\t\t\t\t\t\t\t\t\t\t<\/div>\n\t\t\t\t<\/div>\n\t\t\t\t<\/div>\n\t\t<div class=\"elementor-element elementor-element-62a7c62 e-con-full e-flex e-con e-child\" data-id=\"62a7c62\" data-element_type=\"container\" data-e-type=\"container\">\n\t\t\t\t<div class=\"elementor-element elementor-element-0182f82 elementor-widget elementor-widget-heading\" data-id=\"0182f82\" data-element_type=\"widget\" data-e-type=\"widget\" data-widget_type=\"heading.default\">\n\t\t\t\t<div class=\"elementor-widget-container\">\n\t\t\t\t\t<h2 class=\"elementor-heading-title elementor-size-default\">Any questions?<\/h2>\t\t\t\t<\/div>\n\t\t\t\t<\/div>\n\t\t\t\t<div class=\"elementor-element elementor-element-5e72658 elementor-widget elementor-widget-shortcode\" data-id=\"5e72658\" data-element_type=\"widget\" data-e-type=\"widget\" data-widget_type=\"shortcode.default\">\n\t\t\t\t<div class=\"elementor-widget-container\">\n\t\t\t\t\t\t\t<div class=\"elementor-shortcode\">\n<div class=\"wpcf7 no-js\" id=\"wpcf7-f539-o1\" lang=\"en-US\" dir=\"ltr\" data-wpcf7-id=\"539\">\n<div class=\"screen-reader-response\"><p role=\"status\" aria-live=\"polite\" aria-atomic=\"true\"><\/p> <ul><\/ul><\/div>\n<form action=\"\/en\/wp-json\/wp\/v2\/pages\/521#wpcf7-f539-o1\" method=\"post\" class=\"wpcf7-form init\" aria-label=\"Contact form\" novalidate=\"novalidate\" data-status=\"init\">\n<fieldset class=\"hidden-fields-container\"><input type=\"hidden\" name=\"_wpcf7\" value=\"539\" \/><input type=\"hidden\" name=\"_wpcf7_version\" value=\"6.1.5\" \/><input type=\"hidden\" name=\"_wpcf7_locale\" value=\"en_US\" \/><input type=\"hidden\" name=\"_wpcf7_unit_tag\" value=\"wpcf7-f539-o1\" \/><input type=\"hidden\" name=\"_wpcf7_container_post\" value=\"0\" \/><input type=\"hidden\" name=\"_wpcf7_posted_data_hash\" value=\"\" \/><input type=\"hidden\" name=\"_wpcf7_recaptcha_response\" value=\"\" \/>\n<\/fieldset>\n<p><label> Your name <span class=\"wpcf7-form-control-wrap\" data-name=\"your-name\"><input size=\"40\" maxlength=\"400\" class=\"wpcf7-form-control wpcf7-text wpcf7-validates-as-required\" autocomplete=\"name\" aria-required=\"true\" aria-invalid=\"false\" value=\"\" type=\"text\" name=\"your-name\" \/><\/span> <\/label>\n<\/p>\n<p><label> Your e-mail <span class=\"wpcf7-form-control-wrap\" data-name=\"your-email\"><input size=\"40\" maxlength=\"400\" class=\"wpcf7-form-control wpcf7-email wpcf7-validates-as-required wpcf7-text wpcf7-validates-as-email\" autocomplete=\"email\" aria-required=\"true\" aria-invalid=\"false\" value=\"\" type=\"email\" name=\"your-email\" \/><\/span> <\/label>\n<\/p>\n<p><label> Object <span class=\"wpcf7-form-control-wrap\" data-name=\"your-subject\"><input size=\"40\" maxlength=\"400\" class=\"wpcf7-form-control wpcf7-text wpcf7-validates-as-required\" aria-required=\"true\" aria-invalid=\"false\" value=\"\" type=\"text\" name=\"your-subject\" \/><\/span> <\/label>\n<\/p>\n<p><label> Your message (optional) <span class=\"wpcf7-form-control-wrap\" data-name=\"your-message\"><textarea cols=\"40\" rows=\"10\" maxlength=\"2000\" class=\"wpcf7-form-control wpcf7-textarea\" aria-invalid=\"false\" name=\"your-message\"><\/textarea><\/span> <\/label>\n<\/p>\n<p><input class=\"wpcf7-form-control wpcf7-submit has-spinner\" type=\"submit\" value=\"Send\" \/>\n<\/p><div class=\"wpcf7-response-output\" aria-hidden=\"true\"><\/div>\n<\/form>\n<\/div>\n<\/div>\n\t\t\t\t\t\t<\/div>\n\t\t\t\t<\/div>\n\t\t\t\t<\/div>\n\t\t\t\t\t<\/div>\n\t\t\t\t<\/div>\n\t\t<div class=\"elementor-element elementor-element-9be1474 e-flex e-con-boxed e-con e-parent\" data-id=\"9be1474\" data-element_type=\"container\" data-e-type=\"container\">\n\t\t\t\t\t<div class=\"e-con-inner\">\n\t\t\t\t\t<\/div>\n\t\t\t\t<\/div>\n\t\t<div class=\"elementor-element elementor-element-e96c0eb e-flex e-con-boxed e-con e-parent\" data-id=\"e96c0eb\" data-element_type=\"container\" data-e-type=\"container\">\n\t\t\t\t\t<div class=\"e-con-inner\">\n\t\t\t\t\t<\/div>\n\t\t\t\t<\/div>\n\t\t\t\t<\/div>\n\t\t","protected":false},"excerpt":{"rendered":"<p>Join us Le G\u00eete du Haut Morvan 11 rue de l&#8217;Eglise58430 ARLEUF By road : The &#8220;G\u00eete du haut Morvan&#8221; is 10 min from Ch\u00e2teau-Chinon, 30 min from Autun, 45 min from Nevers, 1h30 from Dijon. By train : Nevers or Le Creusot TGV station, then by road By phone 06 46 40 74 74 [&hellip;]<\/p>\n","protected":false},"author":2,"featured_media":0,"parent":0,"menu_order":0,"comment_status":"closed","ping_status":"closed","template":"","meta":{"footnotes":""},"class_list":["post-521","page","type-page","status-publish","hentry"],"yoast_head":"<!-- This site is optimized with the Yoast SEO plugin v27.5 - https:\/\/yoast.com\/product\/yoast-seo-wordpress\/ -->\n<title>Contact and access - Gite du Haut Morvan<\/title>\n<meta name=\"robots\" content=\"index, follow, max-snippet:-1, max-image-preview:large, max-video-preview:-1\" \/>\n<link rel=\"canonical\" href=\"https:\/\/giteduhautmorvan.fr\/en\/contact-and-access\/\" \/>\n<meta property=\"og:locale\" content=\"en_US\" \/>\n<meta property=\"og:type\" content=\"article\" \/>\n<meta property=\"og:title\" content=\"Contact and access - Gite du Haut Morvan\" \/>\n<meta property=\"og:description\" content=\"Join us Le G\u00eete du Haut Morvan 11 rue de l&#8217;Eglise58430 ARLEUF By road : The &#8220;G\u00eete du haut Morvan&#8221; is 10 min from Ch\u00e2teau-Chinon, 30 min from Autun, 45 min from Nevers, 1h30 from Dijon. By train : Nevers or Le Creusot TGV station, then by road By phone 06 46 40 74 74 [&hellip;]\" \/>\n<meta property=\"og:url\" content=\"https:\/\/giteduhautmorvan.fr\/en\/contact-and-access\/\" \/>\n<meta property=\"og:site_name\" content=\"Gite du Haut Morvan\" \/>\n<meta property=\"article:publisher\" content=\"https:\/\/www.facebook.com\/profile.php?id=61562280535430\" \/>\n<meta property=\"article:modified_time\" content=\"2024-09-18T09:36:23+00:00\" \/>\n<meta property=\"og:image\" content=\"https:\/\/giteduhautmorvan.fr\/wp-content\/uploads\/2024\/09\/Gite-du-Haut-Morvan-nous-768x512.jpg\" \/>\n<meta name=\"twitter:card\" content=\"summary_large_image\" \/>\n<meta name=\"twitter:label1\" content=\"Est. reading time\" \/>\n\t<meta name=\"twitter:data1\" content=\"1 minute\" \/>\n<script type=\"application\/ld+json\" class=\"yoast-schema-graph\">{\"@context\":\"https:\\\/\\\/schema.org\",\"@graph\":[{\"@type\":\"WebPage\",\"@id\":\"https:\\\/\\\/giteduhautmorvan.fr\\\/en\\\/contact-and-access\\\/\",\"url\":\"https:\\\/\\\/giteduhautmorvan.fr\\\/en\\\/contact-and-access\\\/\",\"name\":\"Contact and access - Gite du Haut Morvan\",\"isPartOf\":{\"@id\":\"https:\\\/\\\/giteduhautmorvan.fr\\\/en\\\/#website\"},\"primaryImageOfPage\":{\"@id\":\"https:\\\/\\\/giteduhautmorvan.fr\\\/en\\\/contact-and-access\\\/#primaryimage\"},\"image\":{\"@id\":\"https:\\\/\\\/giteduhautmorvan.fr\\\/en\\\/contact-and-access\\\/#primaryimage\"},\"thumbnailUrl\":\"https:\\\/\\\/giteduhautmorvan.fr\\\/wp-content\\\/uploads\\\/2024\\\/09\\\/Gite-du-Haut-Morvan-nous-768x512.jpg\",\"datePublished\":\"2024-07-23T10:42:10+00:00\",\"dateModified\":\"2024-09-18T09:36:23+00:00\",\"breadcrumb\":{\"@id\":\"https:\\\/\\\/giteduhautmorvan.fr\\\/en\\\/contact-and-access\\\/#breadcrumb\"},\"inLanguage\":\"en-US\",\"potentialAction\":[{\"@type\":\"ReadAction\",\"target\":[\"https:\\\/\\\/giteduhautmorvan.fr\\\/en\\\/contact-and-access\\\/\"]}]},{\"@type\":\"ImageObject\",\"inLanguage\":\"en-US\",\"@id\":\"https:\\\/\\\/giteduhautmorvan.fr\\\/en\\\/contact-and-access\\\/#primaryimage\",\"url\":\"https:\\\/\\\/giteduhautmorvan.fr\\\/wp-content\\\/uploads\\\/2024\\\/09\\\/Gite-du-Haut-Morvan-nous-768x512.jpg\",\"contentUrl\":\"https:\\\/\\\/giteduhautmorvan.fr\\\/wp-content\\\/uploads\\\/2024\\\/09\\\/Gite-du-Haut-Morvan-nous-768x512.jpg\"},{\"@type\":\"BreadcrumbList\",\"@id\":\"https:\\\/\\\/giteduhautmorvan.fr\\\/en\\\/contact-and-access\\\/#breadcrumb\",\"itemListElement\":[{\"@type\":\"ListItem\",\"position\":1,\"name\":\"Accueil\",\"item\":\"https:\\\/\\\/giteduhautmorvan.fr\\\/en\\\/\"},{\"@type\":\"ListItem\",\"position\":2,\"name\":\"Contact and access\"}]},{\"@type\":\"WebSite\",\"@id\":\"https:\\\/\\\/giteduhautmorvan.fr\\\/en\\\/#website\",\"url\":\"https:\\\/\\\/giteduhautmorvan.fr\\\/en\\\/\",\"name\":\"Gite du Haut Morvan\",\"description\":\"\",\"publisher\":{\"@id\":\"https:\\\/\\\/giteduhautmorvan.fr\\\/en\\\/#organization\"},\"potentialAction\":[{\"@type\":\"SearchAction\",\"target\":{\"@type\":\"EntryPoint\",\"urlTemplate\":\"https:\\\/\\\/giteduhautmorvan.fr\\\/en\\\/?s={search_term_string}\"},\"query-input\":{\"@type\":\"PropertyValueSpecification\",\"valueRequired\":true,\"valueName\":\"search_term_string\"}}],\"inLanguage\":\"en-US\"},{\"@type\":\"Organization\",\"@id\":\"https:\\\/\\\/giteduhautmorvan.fr\\\/en\\\/#organization\",\"name\":\"Gite du Haut Morvan\",\"url\":\"https:\\\/\\\/giteduhautmorvan.fr\\\/en\\\/\",\"logo\":{\"@type\":\"ImageObject\",\"inLanguage\":\"en-US\",\"@id\":\"https:\\\/\\\/giteduhautmorvan.fr\\\/en\\\/#\\\/schema\\\/logo\\\/image\\\/\",\"url\":\"https:\\\/\\\/giteduhautmorvan.fr\\\/wp-content\\\/uploads\\\/2024\\\/07\\\/gite-du-hautmorvan-logo.png\",\"contentUrl\":\"https:\\\/\\\/giteduhautmorvan.fr\\\/wp-content\\\/uploads\\\/2024\\\/07\\\/gite-du-hautmorvan-logo.png\",\"width\":200,\"height\":100,\"caption\":\"Gite du Haut Morvan\"},\"image\":{\"@id\":\"https:\\\/\\\/giteduhautmorvan.fr\\\/en\\\/#\\\/schema\\\/logo\\\/image\\\/\"},\"sameAs\":[\"https:\\\/\\\/www.facebook.com\\\/profile.php?id=61562280535430\"]}]}<\/script>\n<!-- \/ Yoast SEO plugin. -->","yoast_head_json":{"title":"Contact and access - Gite du Haut Morvan","robots":{"index":"index","follow":"follow","max-snippet":"max-snippet:-1","max-image-preview":"max-image-preview:large","max-video-preview":"max-video-preview:-1"},"canonical":"https:\/\/giteduhautmorvan.fr\/en\/contact-and-access\/","og_locale":"en_US","og_type":"article","og_title":"Contact and access - Gite du Haut Morvan","og_description":"Join us Le G\u00eete du Haut Morvan 11 rue de l&#8217;Eglise58430 ARLEUF By road : The &#8220;G\u00eete du haut Morvan&#8221; is 10 min from Ch\u00e2teau-Chinon, 30 min from Autun, 45 min from Nevers, 1h30 from Dijon. By train : Nevers or Le Creusot TGV station, then by road By phone 06 46 40 74 74 [&hellip;]","og_url":"https:\/\/giteduhautmorvan.fr\/en\/contact-and-access\/","og_site_name":"Gite du Haut Morvan","article_publisher":"https:\/\/www.facebook.com\/profile.php?id=61562280535430","article_modified_time":"2024-09-18T09:36:23+00:00","og_image":[{"url":"https:\/\/giteduhautmorvan.fr\/wp-content\/uploads\/2024\/09\/Gite-du-Haut-Morvan-nous-768x512.jpg","type":"","width":"","height":""}],"twitter_card":"summary_large_image","twitter_misc":{"Est. reading time":"1 minute"},"schema":{"@context":"https:\/\/schema.org","@graph":[{"@type":"WebPage","@id":"https:\/\/giteduhautmorvan.fr\/en\/contact-and-access\/","url":"https:\/\/giteduhautmorvan.fr\/en\/contact-and-access\/","name":"Contact and access - Gite du Haut Morvan","isPartOf":{"@id":"https:\/\/giteduhautmorvan.fr\/en\/#website"},"primaryImageOfPage":{"@id":"https:\/\/giteduhautmorvan.fr\/en\/contact-and-access\/#primaryimage"},"image":{"@id":"https:\/\/giteduhautmorvan.fr\/en\/contact-and-access\/#primaryimage"},"thumbnailUrl":"https:\/\/giteduhautmorvan.fr\/wp-content\/uploads\/2024\/09\/Gite-du-Haut-Morvan-nous-768x512.jpg","datePublished":"2024-07-23T10:42:10+00:00","dateModified":"2024-09-18T09:36:23+00:00","breadcrumb":{"@id":"https:\/\/giteduhautmorvan.fr\/en\/contact-and-access\/#breadcrumb"},"inLanguage":"en-US","potentialAction":[{"@type":"ReadAction","target":["https:\/\/giteduhautmorvan.fr\/en\/contact-and-access\/"]}]},{"@type":"ImageObject","inLanguage":"en-US","@id":"https:\/\/giteduhautmorvan.fr\/en\/contact-and-access\/#primaryimage","url":"https:\/\/giteduhautmorvan.fr\/wp-content\/uploads\/2024\/09\/Gite-du-Haut-Morvan-nous-768x512.jpg","contentUrl":"https:\/\/giteduhautmorvan.fr\/wp-content\/uploads\/2024\/09\/Gite-du-Haut-Morvan-nous-768x512.jpg"},{"@type":"BreadcrumbList","@id":"https:\/\/giteduhautmorvan.fr\/en\/contact-and-access\/#breadcrumb","itemListElement":[{"@type":"ListItem","position":1,"name":"Accueil","item":"https:\/\/giteduhautmorvan.fr\/en\/"},{"@type":"ListItem","position":2,"name":"Contact and access"}]},{"@type":"WebSite","@id":"https:\/\/giteduhautmorvan.fr\/en\/#website","url":"https:\/\/giteduhautmorvan.fr\/en\/","name":"Gite du Haut Morvan","description":"","publisher":{"@id":"https:\/\/giteduhautmorvan.fr\/en\/#organization"},"potentialAction":[{"@type":"SearchAction","target":{"@type":"EntryPoint","urlTemplate":"https:\/\/giteduhautmorvan.fr\/en\/?s={search_term_string}"},"query-input":{"@type":"PropertyValueSpecification","valueRequired":true,"valueName":"search_term_string"}}],"inLanguage":"en-US"},{"@type":"Organization","@id":"https:\/\/giteduhautmorvan.fr\/en\/#organization","name":"Gite du Haut Morvan","url":"https:\/\/giteduhautmorvan.fr\/en\/","logo":{"@type":"ImageObject","inLanguage":"en-US","@id":"https:\/\/giteduhautmorvan.fr\/en\/#\/schema\/logo\/image\/","url":"https:\/\/giteduhautmorvan.fr\/wp-content\/uploads\/2024\/07\/gite-du-hautmorvan-logo.png","contentUrl":"https:\/\/giteduhautmorvan.fr\/wp-content\/uploads\/2024\/07\/gite-du-hautmorvan-logo.png","width":200,"height":100,"caption":"Gite du Haut Morvan"},"image":{"@id":"https:\/\/giteduhautmorvan.fr\/en\/#\/schema\/logo\/image\/"},"sameAs":["https:\/\/www.facebook.com\/profile.php?id=61562280535430"]}]}},"_links":{"self":[{"href":"https:\/\/giteduhautmorvan.fr\/en\/wp-json\/wp\/v2\/pages\/521","targetHints":{"allow":["GET"]}}],"collection":[{"href":"https:\/\/giteduhautmorvan.fr\/en\/wp-json\/wp\/v2\/pages"}],"about":[{"href":"https:\/\/giteduhautmorvan.fr\/en\/wp-json\/wp\/v2\/types\/page"}],"author":[{"embeddable":true,"href":"https:\/\/giteduhautmorvan.fr\/en\/wp-json\/wp\/v2\/users\/2"}],"replies":[{"embeddable":true,"href":"https:\/\/giteduhautmorvan.fr\/en\/wp-json\/wp\/v2\/comments?post=521"}],"version-history":[{"count":4,"href":"https:\/\/giteduhautmorvan.fr\/en\/wp-json\/wp\/v2\/pages\/521\/revisions"}],"predecessor-version":[{"id":567,"href":"https:\/\/giteduhautmorvan.fr\/en\/wp-json\/wp\/v2\/pages\/521\/revisions\/567"}],"wp:attachment":[{"href":"https:\/\/giteduhautmorvan.fr\/en\/wp-json\/wp\/v2\/media?parent=521"}],"curies":[{"name":"wp","href":"https:\/\/api.w.org\/{rel}","templated":true}]}}