{"id":513,"date":"2024-07-22T13:17:03","date_gmt":"2024-07-22T11:17:03","guid":{"rendered":"https:\/\/giteduhautmorvan.fr\/welcome\/"},"modified":"2024-09-18T21:16:20","modified_gmt":"2024-09-18T19:16:20","slug":"welcome","status":"publish","type":"page","link":"https:\/\/giteduhautmorvan.fr\/en\/","title":{"rendered":"Welcome"},"content":{"rendered":"\t\t<div data-elementor-type=\"wp-page\" data-elementor-id=\"513\" class=\"elementor elementor-513 elementor-15\">\n\t\t\t\t<div class=\"elementor-element elementor-element-1c5fec9 e-flex e-con-boxed e-con e-parent\" data-id=\"1c5fec9\" data-element_type=\"container\" data-e-type=\"container\" data-settings=\"{&quot;background_background&quot;:&quot;classic&quot;}\">\n\t\t\t\t\t<div class=\"e-con-inner\">\n\t\t\t\t<div class=\"elementor-element elementor-element-3f8f1c2 elementor-widget elementor-widget-heading\" data-id=\"3f8f1c2\" data-element_type=\"widget\" data-e-type=\"widget\" data-widget_type=\"heading.default\">\n\t\t\t\t<div class=\"elementor-widget-container\">\n\t\t\t\t\t<h2 class=\"elementor-heading-title elementor-size-default\">Gite Rural in the Morvan<\/h2>\t\t\t\t<\/div>\n\t\t\t\t<\/div>\n\t\t\t\t<div class=\"elementor-element elementor-element-f668514 elementor-widget elementor-widget-spacer\" data-id=\"f668514\" data-element_type=\"widget\" data-e-type=\"widget\" data-widget_type=\"spacer.default\">\n\t\t\t\t<div class=\"elementor-widget-container\">\n\t\t\t\t\t\t\t<div class=\"elementor-spacer\">\n\t\t\t<div class=\"elementor-spacer-inner\"><\/div>\n\t\t<\/div>\n\t\t\t\t\t\t<\/div>\n\t\t\t\t<\/div>\n\t\t\t\t<div class=\"elementor-element elementor-element-f005099 elementor-widget elementor-widget-text-editor\" data-id=\"f005099\" data-element_type=\"widget\" data-e-type=\"widget\" data-widget_type=\"text-editor.default\">\n\t\t\t\t<div class=\"elementor-widget-container\">\n\t\t\t\t\t\t\t\t\t<p style=\"text-align: center;\">In the heart of the Morvan Regional Nature Park in Ni\u00e8vre<\/p>\n\t\t\t\t\t\t\t\t<\/div>\n\t\t\t\t<\/div>\n\t\t\t\t<div class=\"elementor-element elementor-element-552d7dd elementor-widget elementor-widget-spacer\" data-id=\"552d7dd\" data-element_type=\"widget\" data-e-type=\"widget\" data-widget_type=\"spacer.default\">\n\t\t\t\t<div class=\"elementor-widget-container\">\n\t\t\t\t\t\t\t<div class=\"elementor-spacer\">\n\t\t\t<div class=\"elementor-spacer-inner\"><\/div>\n\t\t<\/div>\n\t\t\t\t\t\t<\/div>\n\t\t\t\t<\/div>\n\t\t\t\t<div class=\"elementor-element elementor-element-e25529e elementor-align-center elementor-widget elementor-widget-button\" data-id=\"e25529e\" data-element_type=\"widget\" data-e-type=\"widget\" data-widget_type=\"button.default\">\n\t\t\t\t<div class=\"elementor-widget-container\">\n\t\t\t\t\t\t\t\t\t<div class=\"elementor-button-wrapper\">\n\t\t\t\t\t<a class=\"elementor-button elementor-button-link elementor-size-sm\" href=\"https:\/\/giteduhautmorvan.fr\/en\/reservation\/\">\n\t\t\t\t\t\t<span class=\"elementor-button-content-wrapper\">\n\t\t\t\t\t\t<span class=\"elementor-button-icon\">\n\t\t\t\t<svg aria-hidden=\"true\" class=\"e-font-icon-svg e-far-calendar-check\" viewBox=\"0 0 448 512\" xmlns=\"http:\/\/www.w3.org\/2000\/svg\"><path d=\"M400 64h-48V12c0-6.627-5.373-12-12-12h-40c-6.627 0-12 5.373-12 12v52H160V12c0-6.627-5.373-12-12-12h-40c-6.627 0-12 5.373-12 12v52H48C21.49 64 0 85.49 0 112v352c0 26.51 21.49 48 48 48h352c26.51 0 48-21.49 48-48V112c0-26.51-21.49-48-48-48zm-6 400H54a6 6 0 0 1-6-6V160h352v298a6 6 0 0 1-6 6zm-52.849-200.65L198.842 404.519c-4.705 4.667-12.303 4.637-16.971-.068l-75.091-75.699c-4.667-4.705-4.637-12.303.068-16.971l22.719-22.536c4.705-4.667 12.303-4.637 16.97.069l44.104 44.461 111.072-110.181c4.705-4.667 12.303-4.637 16.971.068l22.536 22.718c4.667 4.705 4.636 12.303-.069 16.97z\"><\/path><\/svg>\t\t\t<\/span>\n\t\t\t\t\t\t\t\t\t<span class=\"elementor-button-text\">See availability<\/span>\n\t\t\t\t\t<\/span>\n\t\t\t\t\t<\/a>\n\t\t\t\t<\/div>\n\t\t\t\t\t\t\t\t<\/div>\n\t\t\t\t<\/div>\n\t\t\t\t\t<\/div>\n\t\t\t\t<\/div>\n\t\t<div class=\"elementor-element elementor-element-692ab51 e-flex e-con-boxed e-con e-parent\" data-id=\"692ab51\" data-element_type=\"container\" data-e-type=\"container\">\n\t\t\t\t\t<div class=\"e-con-inner\">\n\t\t\t\t<div class=\"elementor-element elementor-element-420e3e1 elementor-widget elementor-widget-spacer\" data-id=\"420e3e1\" data-element_type=\"widget\" data-e-type=\"widget\" data-widget_type=\"spacer.default\">\n\t\t\t\t<div class=\"elementor-widget-container\">\n\t\t\t\t\t\t\t<div class=\"elementor-spacer\">\n\t\t\t<div class=\"elementor-spacer-inner\"><\/div>\n\t\t<\/div>\n\t\t\t\t\t\t<\/div>\n\t\t\t\t<\/div>\n\t\t\t\t\t<\/div>\n\t\t\t\t<\/div>\n\t\t<div class=\"elementor-element elementor-element-5697bcf e-flex e-con-boxed e-con e-parent\" data-id=\"5697bcf\" data-element_type=\"container\" data-e-type=\"container\" data-settings=\"{&quot;background_background&quot;:&quot;classic&quot;}\">\n\t\t\t\t\t<div class=\"e-con-inner\">\n\t\t<div class=\"elementor-element elementor-element-50bf5e4 e-con-full e-flex e-con e-child\" data-id=\"50bf5e4\" data-element_type=\"container\" data-e-type=\"container\">\n\t\t\t\t<div class=\"elementor-element elementor-element-eafe2fa elementor-widget elementor-widget-heading\" data-id=\"eafe2fa\" data-element_type=\"widget\" data-e-type=\"widget\" data-widget_type=\"heading.default\">\n\t\t\t\t<div class=\"elementor-widget-container\">\n\t\t\t\t\t<h2 class=\"elementor-heading-title elementor-size-default\">Your stay ...<\/h2>\t\t\t\t<\/div>\n\t\t\t\t<\/div>\n\t\t\t\t<div class=\"elementor-element elementor-element-e3b09f7 elementor-widget elementor-widget-text-editor\" data-id=\"e3b09f7\" data-element_type=\"widget\" data-e-type=\"widget\" data-widget_type=\"text-editor.default\">\n\t\t\t\t<div class=\"elementor-widget-container\">\n\t\t\t\t\t\t\t\t\t<p>Located in Arleuf, in the Morvan Regional Nature Park, 10 min from Ch\u00e2teau-Chinon and 30 min from Autun.<\/p><p>This village house, fully renovated to BBC (ow-energy house) standards, can accommodate up to 13 people.<\/p><p>Panoramic view of the Morvan countryside from the terrace, and of Haut Folin, the Morvan&#8217;s highest peak (901m).<\/p><p>Come and discover our beautiful region&#8230;..<\/p>\t\t\t\t\t\t\t\t<\/div>\n\t\t\t\t<\/div>\n\t\t\t\t<\/div>\n\t\t<div class=\"elementor-element elementor-element-84ecd40 e-con-full e-flex e-con e-child\" data-id=\"84ecd40\" data-element_type=\"container\" data-e-type=\"container\">\n\t\t\t\t<div class=\"elementor-element elementor-element-7eae5f9 elementor-widget elementor-widget-image\" data-id=\"7eae5f9\" data-element_type=\"widget\" data-e-type=\"widget\" data-widget_type=\"image.default\">\n\t\t\t\t<div class=\"elementor-widget-container\">\n\t\t\t\t\t\t\t\t\t\t\t\t\t\t\t<img fetchpriority=\"high\" decoding=\"async\" width=\"2160\" height=\"1440\" src=\"https:\/\/giteduhautmorvan.fr\/wp-content\/uploads\/2024\/09\/Gite-du-Haut-Morvan-bienvenue.jpg\" class=\"attachment-full size-full wp-image-477\" alt=\"\" srcset=\"https:\/\/giteduhautmorvan.fr\/wp-content\/uploads\/2024\/09\/Gite-du-Haut-Morvan-bienvenue.jpg 2160w, https:\/\/giteduhautmorvan.fr\/wp-content\/uploads\/2024\/09\/Gite-du-Haut-Morvan-bienvenue-300x200.jpg 300w, https:\/\/giteduhautmorvan.fr\/wp-content\/uploads\/2024\/09\/Gite-du-Haut-Morvan-bienvenue-1024x683.jpg 1024w, https:\/\/giteduhautmorvan.fr\/wp-content\/uploads\/2024\/09\/Gite-du-Haut-Morvan-bienvenue-768x512.jpg 768w, https:\/\/giteduhautmorvan.fr\/wp-content\/uploads\/2024\/09\/Gite-du-Haut-Morvan-bienvenue-1536x1024.jpg 1536w, https:\/\/giteduhautmorvan.fr\/wp-content\/uploads\/2024\/09\/Gite-du-Haut-Morvan-bienvenue-2048x1365.jpg 2048w\" sizes=\"(max-width: 2160px) 100vw, 2160px\" \/>\t\t\t\t\t\t\t\t\t\t\t\t\t\t\t<\/div>\n\t\t\t\t<\/div>\n\t\t\t\t<div class=\"elementor-element elementor-element-1435869 elementor-align-center elementor-widget elementor-widget-button\" data-id=\"1435869\" data-element_type=\"widget\" data-e-type=\"widget\" data-widget_type=\"button.default\">\n\t\t\t\t<div class=\"elementor-widget-container\">\n\t\t\t\t\t\t\t\t\t<div class=\"elementor-button-wrapper\">\n\t\t\t\t\t<a class=\"elementor-button elementor-button-link elementor-size-sm\" href=\"https:\/\/giteduhautmorvan.fr\/en\/gite-du-haut-morvan-arleuf\/\">\n\t\t\t\t\t\t<span class=\"elementor-button-content-wrapper\">\n\t\t\t\t\t\t<span class=\"elementor-button-icon\">\n\t\t\t\t<svg aria-hidden=\"true\" class=\"e-font-icon-svg e-far-hand-point-right\" viewBox=\"0 0 512 512\" xmlns=\"http:\/\/www.w3.org\/2000\/svg\"><path d=\"M428.8 137.6h-86.177a115.52 115.52 0 0 0 2.176-22.4c0-47.914-35.072-83.2-92-83.2-45.314 0-57.002 48.537-75.707 78.784-7.735 12.413-16.994 23.317-25.851 33.253l-.131.146-.129.148C135.662 161.807 127.764 168 120.8 168h-2.679c-5.747-4.952-13.536-8-22.12-8H32c-17.673 0-32 12.894-32 28.8v230.4C0 435.106 14.327 448 32 448h64c8.584 0 16.373-3.048 22.12-8h2.679c28.688 0 67.137 40 127.2 40h21.299c62.542 0 98.8-38.658 99.94-91.145 12.482-17.813 18.491-40.785 15.985-62.791A93.148 93.148 0 0 0 393.152 304H428.8c45.435 0 83.2-37.584 83.2-83.2 0-45.099-38.101-83.2-83.2-83.2zm0 118.4h-91.026c12.837 14.669 14.415 42.825-4.95 61.05 11.227 19.646 1.687 45.624-12.925 53.625 6.524 39.128-10.076 61.325-50.6 61.325H248c-45.491 0-77.21-35.913-120-39.676V215.571c25.239-2.964 42.966-21.222 59.075-39.596 11.275-12.65 21.725-25.3 30.799-39.875C232.355 112.712 244.006 80 252.8 80c23.375 0 44 8.8 44 35.2 0 35.2-26.4 53.075-26.4 70.4h158.4c18.425 0 35.2 16.5 35.2 35.2 0 18.975-16.225 35.2-35.2 35.2zM88 384c0 13.255-10.745 24-24 24s-24-10.745-24-24 10.745-24 24-24 24 10.745 24 24z\"><\/path><\/svg>\t\t\t<\/span>\n\t\t\t\t\t\t\t\t\t<span class=\"elementor-button-text\">More details<\/span>\n\t\t\t\t\t<\/span>\n\t\t\t\t\t<\/a>\n\t\t\t\t<\/div>\n\t\t\t\t\t\t\t\t<\/div>\n\t\t\t\t<\/div>\n\t\t\t\t<\/div>\n\t\t\t\t\t<\/div>\n\t\t\t\t<\/div>\n\t\t<div class=\"elementor-element elementor-element-234f43f e-flex e-con-boxed e-con e-parent\" data-id=\"234f43f\" data-element_type=\"container\" data-e-type=\"container\">\n\t\t\t\t\t<div class=\"e-con-inner\">\n\t\t\t\t<div class=\"elementor-element elementor-element-df66668 elementor-widget elementor-widget-heading\" data-id=\"df66668\" data-element_type=\"widget\" data-e-type=\"widget\" data-widget_type=\"heading.default\">\n\t\t\t\t<div class=\"elementor-widget-container\">\n\t\t\t\t\t<h2 class=\"elementor-heading-title elementor-size-default\">Discover our region ...<\/h2>\t\t\t\t<\/div>\n\t\t\t\t<\/div>\n\t\t\t\t\t<\/div>\n\t\t\t\t<\/div>\n\t\t<div class=\"elementor-element elementor-element-cb562a6 e-flex e-con-boxed e-con e-parent\" data-id=\"cb562a6\" data-element_type=\"container\" data-e-type=\"container\" data-settings=\"{&quot;shape_divider_bottom&quot;:&quot;waves&quot;}\">\n\t\t\t\t\t<div class=\"e-con-inner\">\n\t\t\t\t<div class=\"elementor-shape elementor-shape-bottom\" aria-hidden=\"true\" data-negative=\"false\">\n\t\t\t<svg xmlns=\"http:\/\/www.w3.org\/2000\/svg\" viewBox=\"0 0 1000 100\" preserveAspectRatio=\"none\">\n\t<path class=\"elementor-shape-fill\" d=\"M421.9,6.5c22.6-2.5,51.5,0.4,75.5,5.3c23.6,4.9,70.9,23.5,100.5,35.7c75.8,32.2,133.7,44.5,192.6,49.7\n\tc23.6,2.1,48.7,3.5,103.4-2.5c54.7-6,106.2-25.6,106.2-25.6V0H0v30.3c0,0,72,32.6,158.4,30.5c39.2-0.7,92.8-6.7,134-22.4\n\tc21.2-8.1,52.2-18.2,79.7-24.2C399.3,7.9,411.6,7.5,421.9,6.5z\"\/>\n<\/svg>\t\t<\/div>\n\t\t<div class=\"elementor-element elementor-element-5b13939 e-con-full e-flex e-con e-child\" data-id=\"5b13939\" data-element_type=\"container\" data-e-type=\"container\">\n\t\t\t\t<div class=\"elementor-element elementor-element-a127d89 elementor-widget__width-initial elementor-widget elementor-widget-slides\" data-id=\"a127d89\" data-element_type=\"widget\" data-e-type=\"widget\" data-widget_type=\"slides.default\">\n\t\t\t\t<div class=\"elementor-widget-container\">\n\t\t\t\t\t \t\t\t\t<\/div>\n\t\t\t\t<\/div>\n\t\t\t\t<\/div>\n\t\t<div class=\"elementor-element elementor-element-1388e8a e-con-full e-flex e-con e-child\" data-id=\"1388e8a\" data-element_type=\"container\" data-e-type=\"container\">\n\t\t\t\t<div class=\"elementor-element elementor-element-0974298 elementor-widget elementor-widget-text-editor\" data-id=\"0974298\" data-element_type=\"widget\" data-e-type=\"widget\" data-widget_type=\"text-editor.default\">\n\t\t\t\t<div class=\"elementor-widget-container\">\n\t\t\t\t\t\t\t\t\t<p>The <strong>Morvan Regional Nature Park<\/strong> covers 281,400 hectares, straddling the Burgundy departments of Ni\u00e8vre, C\u00f4te d&#8217;Or, Sa\u00f4ne et Loire and Yonne.<\/p>\n<p>This undulating wilderness, adorned with vast forests and sparkling lakes, is an ideal playground for <strong>outdoor enthusiasts<\/strong>.<\/p>\n<p><strong>Whether<\/strong> you&#8217;<strong>re hiking, biking, fishing, visiting a cultural site, or simply looking for some fresh air<\/strong>, you&#8217;ll appreciate the diversity of our region&#8217;s offerings.<\/p>\n\t\t\t\t\t\t\t\t<\/div>\n\t\t\t\t<\/div>\n\t\t\t\t<div class=\"elementor-element elementor-element-cbba1bf elementor-align-center elementor-widget elementor-widget-button\" data-id=\"cbba1bf\" data-element_type=\"widget\" data-e-type=\"widget\" data-widget_type=\"button.default\">\n\t\t\t\t<div class=\"elementor-widget-container\">\n\t\t\t\t\t\t\t\t\t<div class=\"elementor-button-wrapper\">\n\t\t\t\t\t<a class=\"elementor-button elementor-button-link elementor-size-sm\" href=\"https:\/\/giteduhautmorvan.fr\/en\/what-to-see-what-to-do\/\">\n\t\t\t\t\t\t<span class=\"elementor-button-content-wrapper\">\n\t\t\t\t\t\t\t\t\t<span class=\"elementor-button-text\">Read more ....<\/span>\n\t\t\t\t\t<\/span>\n\t\t\t\t\t<\/a>\n\t\t\t\t<\/div>\n\t\t\t\t\t\t\t\t<\/div>\n\t\t\t\t<\/div>\n\t\t\t\t<\/div>\n\t\t\t\t\t<\/div>\n\t\t\t\t<\/div>\n\t\t<div class=\"elementor-element elementor-element-b7303d0 e-flex e-con-boxed e-con e-parent\" data-id=\"b7303d0\" data-element_type=\"container\" data-e-type=\"container\" data-settings=\"{&quot;background_background&quot;:&quot;classic&quot;}\">\n\t\t\t\t\t<div class=\"e-con-inner\">\n\t\t\t\t<div class=\"elementor-element elementor-element-2b826af elementor-widget elementor-widget-image\" data-id=\"2b826af\" data-element_type=\"widget\" data-e-type=\"widget\" data-widget_type=\"image.default\">\n\t\t\t\t<div class=\"elementor-widget-container\">\n\t\t\t\t\t\t\t\t\t\t\t\t\t\t\t<img decoding=\"async\" width=\"346\" height=\"318\" src=\"https:\/\/giteduhautmorvan.fr\/wp-content\/uploads\/2024\/08\/bernadette-jerome.png\" class=\"attachment-full size-full wp-image-474\" alt=\"G\u00eete du Haut Morvan - Bernadette et J\u00e9rome\" srcset=\"https:\/\/giteduhautmorvan.fr\/wp-content\/uploads\/2024\/08\/bernadette-jerome.png 346w, https:\/\/giteduhautmorvan.fr\/wp-content\/uploads\/2024\/08\/bernadette-jerome-300x276.png 300w\" sizes=\"(max-width: 346px) 100vw, 346px\" \/>\t\t\t\t\t\t\t\t\t\t\t\t\t\t\t<\/div>\n\t\t\t\t<\/div>\n\t\t\t\t<div class=\"elementor-element elementor-element-2931449 elementor-widget elementor-widget-text-editor\" data-id=\"2931449\" data-element_type=\"widget\" data-e-type=\"widget\" data-widget_type=\"text-editor.default\">\n\t\t\t\t<div class=\"elementor-widget-container\">\n\t\t\t\t\t\t\t\t\t<p>We&#8217;re passionate about nature in the Morvan, hiking and long bike rides.<\/p>\n<p>Our experience in catering guarantees that you will receive special attention to ensure your comfort during your stay.<br \/>We are here to advise you on the region&#8217;s outdoor activities and places to discover.<\/p>\n<p>We welcome you in a warm atmosphere for an unforgettable experience.<\/p>\n<p>Bernadette and J\u00e9r\u00f4me<\/p>\n\t\t\t\t\t\t\t\t<\/div>\n\t\t\t\t<\/div>\n\t\t\t\t\t<\/div>\n\t\t\t\t<\/div>\n\t\t\t\t<\/div>\n\t\t","protected":false},"excerpt":{"rendered":"<p>Gite Rural in the Morvan In the heart of the Morvan Regional Nature Park in Ni\u00e8vre See availability Your stay &#8230; Located in Arleuf, in the Morvan Regional Nature Park, 10 min from Ch\u00e2teau-Chinon and 30 min from Autun. This village house, fully renovated to BBC (ow-energy house) standards, can accommodate up to 13 people. [&hellip;]<\/p>\n","protected":false},"author":2,"featured_media":0,"parent":0,"menu_order":0,"comment_status":"closed","ping_status":"closed","template":"","meta":{"footnotes":""},"class_list":["post-513","page","type-page","status-publish","hentry"],"yoast_head":"<!-- This site is optimized with the Yoast SEO plugin v27.5 - https:\/\/yoast.com\/product\/yoast-seo-wordpress\/ -->\n<title>Welcome - Gite du Haut Morvan<\/title>\n<meta name=\"robots\" content=\"index, follow, max-snippet:-1, max-image-preview:large, max-video-preview:-1\" \/>\n<link rel=\"canonical\" href=\"https:\/\/giteduhautmorvan.fr\/en\/\" \/>\n<meta property=\"og:locale\" content=\"en_US\" \/>\n<meta property=\"og:type\" content=\"article\" \/>\n<meta property=\"og:title\" content=\"Welcome - Gite du Haut Morvan\" \/>\n<meta property=\"og:description\" content=\"Gite Rural in the Morvan In the heart of the Morvan Regional Nature Park in Ni\u00e8vre See availability Your stay &#8230; Located in Arleuf, in the Morvan Regional Nature Park, 10 min from Ch\u00e2teau-Chinon and 30 min from Autun. This village house, fully renovated to BBC (ow-energy house) standards, can accommodate up to 13 people. [&hellip;]\" \/>\n<meta property=\"og:url\" content=\"https:\/\/giteduhautmorvan.fr\/en\/\" \/>\n<meta property=\"og:site_name\" content=\"Gite du Haut Morvan\" \/>\n<meta property=\"article:publisher\" content=\"https:\/\/www.facebook.com\/profile.php?id=61562280535430\" \/>\n<meta property=\"article:modified_time\" content=\"2024-09-18T19:16:20+00:00\" \/>\n<meta property=\"og:image\" content=\"https:\/\/giteduhautmorvan.fr\/wp-content\/uploads\/2024\/09\/Gite-du-Haut-Morvan-bienvenue.jpg\" \/>\n<meta name=\"twitter:card\" content=\"summary_large_image\" \/>\n<meta name=\"twitter:label1\" content=\"Est. reading time\" \/>\n\t<meta name=\"twitter:data1\" content=\"2 minutes\" \/>\n<script type=\"application\/ld+json\" class=\"yoast-schema-graph\">{\"@context\":\"https:\\\/\\\/schema.org\",\"@graph\":[{\"@type\":\"WebPage\",\"@id\":\"https:\\\/\\\/giteduhautmorvan.fr\\\/en\\\/\",\"url\":\"https:\\\/\\\/giteduhautmorvan.fr\\\/en\\\/\",\"name\":\"Welcome - Gite du Haut Morvan\",\"isPartOf\":{\"@id\":\"https:\\\/\\\/giteduhautmorvan.fr\\\/en\\\/#website\"},\"primaryImageOfPage\":{\"@id\":\"https:\\\/\\\/giteduhautmorvan.fr\\\/en\\\/#primaryimage\"},\"image\":{\"@id\":\"https:\\\/\\\/giteduhautmorvan.fr\\\/en\\\/#primaryimage\"},\"thumbnailUrl\":\"https:\\\/\\\/giteduhautmorvan.fr\\\/wp-content\\\/uploads\\\/2024\\\/09\\\/Gite-du-Haut-Morvan-bienvenue.jpg\",\"datePublished\":\"2024-07-22T11:17:03+00:00\",\"dateModified\":\"2024-09-18T19:16:20+00:00\",\"breadcrumb\":{\"@id\":\"https:\\\/\\\/giteduhautmorvan.fr\\\/en\\\/#breadcrumb\"},\"inLanguage\":\"en-US\",\"potentialAction\":[{\"@type\":\"ReadAction\",\"target\":[\"https:\\\/\\\/giteduhautmorvan.fr\\\/en\\\/\"]}]},{\"@type\":\"ImageObject\",\"inLanguage\":\"en-US\",\"@id\":\"https:\\\/\\\/giteduhautmorvan.fr\\\/en\\\/#primaryimage\",\"url\":\"https:\\\/\\\/giteduhautmorvan.fr\\\/wp-content\\\/uploads\\\/2024\\\/09\\\/Gite-du-Haut-Morvan-bienvenue.jpg\",\"contentUrl\":\"https:\\\/\\\/giteduhautmorvan.fr\\\/wp-content\\\/uploads\\\/2024\\\/09\\\/Gite-du-Haut-Morvan-bienvenue.jpg\"},{\"@type\":\"BreadcrumbList\",\"@id\":\"https:\\\/\\\/giteduhautmorvan.fr\\\/en\\\/#breadcrumb\",\"itemListElement\":[{\"@type\":\"ListItem\",\"position\":1,\"name\":\"Accueil\",\"item\":\"https:\\\/\\\/giteduhautmorvan.fr\\\/en\\\/\"},{\"@type\":\"ListItem\",\"position\":2,\"name\":\"Welcome\"}]},{\"@type\":\"WebSite\",\"@id\":\"https:\\\/\\\/giteduhautmorvan.fr\\\/en\\\/#website\",\"url\":\"https:\\\/\\\/giteduhautmorvan.fr\\\/en\\\/\",\"name\":\"Gite du Haut Morvan\",\"description\":\"\",\"publisher\":{\"@id\":\"https:\\\/\\\/giteduhautmorvan.fr\\\/en\\\/#organization\"},\"potentialAction\":[{\"@type\":\"SearchAction\",\"target\":{\"@type\":\"EntryPoint\",\"urlTemplate\":\"https:\\\/\\\/giteduhautmorvan.fr\\\/en\\\/?s={search_term_string}\"},\"query-input\":{\"@type\":\"PropertyValueSpecification\",\"valueRequired\":true,\"valueName\":\"search_term_string\"}}],\"inLanguage\":\"en-US\"},{\"@type\":\"Organization\",\"@id\":\"https:\\\/\\\/giteduhautmorvan.fr\\\/en\\\/#organization\",\"name\":\"Gite du Haut Morvan\",\"url\":\"https:\\\/\\\/giteduhautmorvan.fr\\\/en\\\/\",\"logo\":{\"@type\":\"ImageObject\",\"inLanguage\":\"en-US\",\"@id\":\"https:\\\/\\\/giteduhautmorvan.fr\\\/en\\\/#\\\/schema\\\/logo\\\/image\\\/\",\"url\":\"https:\\\/\\\/giteduhautmorvan.fr\\\/wp-content\\\/uploads\\\/2024\\\/07\\\/gite-du-hautmorvan-logo.png\",\"contentUrl\":\"https:\\\/\\\/giteduhautmorvan.fr\\\/wp-content\\\/uploads\\\/2024\\\/07\\\/gite-du-hautmorvan-logo.png\",\"width\":200,\"height\":100,\"caption\":\"Gite du Haut Morvan\"},\"image\":{\"@id\":\"https:\\\/\\\/giteduhautmorvan.fr\\\/en\\\/#\\\/schema\\\/logo\\\/image\\\/\"},\"sameAs\":[\"https:\\\/\\\/www.facebook.com\\\/profile.php?id=61562280535430\"]}]}<\/script>\n<!-- \/ Yoast SEO plugin. -->","yoast_head_json":{"title":"Welcome - Gite du Haut Morvan","robots":{"index":"index","follow":"follow","max-snippet":"max-snippet:-1","max-image-preview":"max-image-preview:large","max-video-preview":"max-video-preview:-1"},"canonical":"https:\/\/giteduhautmorvan.fr\/en\/","og_locale":"en_US","og_type":"article","og_title":"Welcome - Gite du Haut Morvan","og_description":"Gite Rural in the Morvan In the heart of the Morvan Regional Nature Park in Ni\u00e8vre See availability Your stay &#8230; Located in Arleuf, in the Morvan Regional Nature Park, 10 min from Ch\u00e2teau-Chinon and 30 min from Autun. This village house, fully renovated to BBC (ow-energy house) standards, can accommodate up to 13 people. [&hellip;]","og_url":"https:\/\/giteduhautmorvan.fr\/en\/","og_site_name":"Gite du Haut Morvan","article_publisher":"https:\/\/www.facebook.com\/profile.php?id=61562280535430","article_modified_time":"2024-09-18T19:16:20+00:00","og_image":[{"url":"https:\/\/giteduhautmorvan.fr\/wp-content\/uploads\/2024\/09\/Gite-du-Haut-Morvan-bienvenue.jpg","type":"","width":"","height":""}],"twitter_card":"summary_large_image","twitter_misc":{"Est. reading time":"2 minutes"},"schema":{"@context":"https:\/\/schema.org","@graph":[{"@type":"WebPage","@id":"https:\/\/giteduhautmorvan.fr\/en\/","url":"https:\/\/giteduhautmorvan.fr\/en\/","name":"Welcome - Gite du Haut Morvan","isPartOf":{"@id":"https:\/\/giteduhautmorvan.fr\/en\/#website"},"primaryImageOfPage":{"@id":"https:\/\/giteduhautmorvan.fr\/en\/#primaryimage"},"image":{"@id":"https:\/\/giteduhautmorvan.fr\/en\/#primaryimage"},"thumbnailUrl":"https:\/\/giteduhautmorvan.fr\/wp-content\/uploads\/2024\/09\/Gite-du-Haut-Morvan-bienvenue.jpg","datePublished":"2024-07-22T11:17:03+00:00","dateModified":"2024-09-18T19:16:20+00:00","breadcrumb":{"@id":"https:\/\/giteduhautmorvan.fr\/en\/#breadcrumb"},"inLanguage":"en-US","potentialAction":[{"@type":"ReadAction","target":["https:\/\/giteduhautmorvan.fr\/en\/"]}]},{"@type":"ImageObject","inLanguage":"en-US","@id":"https:\/\/giteduhautmorvan.fr\/en\/#primaryimage","url":"https:\/\/giteduhautmorvan.fr\/wp-content\/uploads\/2024\/09\/Gite-du-Haut-Morvan-bienvenue.jpg","contentUrl":"https:\/\/giteduhautmorvan.fr\/wp-content\/uploads\/2024\/09\/Gite-du-Haut-Morvan-bienvenue.jpg"},{"@type":"BreadcrumbList","@id":"https:\/\/giteduhautmorvan.fr\/en\/#breadcrumb","itemListElement":[{"@type":"ListItem","position":1,"name":"Accueil","item":"https:\/\/giteduhautmorvan.fr\/en\/"},{"@type":"ListItem","position":2,"name":"Welcome"}]},{"@type":"WebSite","@id":"https:\/\/giteduhautmorvan.fr\/en\/#website","url":"https:\/\/giteduhautmorvan.fr\/en\/","name":"Gite du Haut Morvan","description":"","publisher":{"@id":"https:\/\/giteduhautmorvan.fr\/en\/#organization"},"potentialAction":[{"@type":"SearchAction","target":{"@type":"EntryPoint","urlTemplate":"https:\/\/giteduhautmorvan.fr\/en\/?s={search_term_string}"},"query-input":{"@type":"PropertyValueSpecification","valueRequired":true,"valueName":"search_term_string"}}],"inLanguage":"en-US"},{"@type":"Organization","@id":"https:\/\/giteduhautmorvan.fr\/en\/#organization","name":"Gite du Haut Morvan","url":"https:\/\/giteduhautmorvan.fr\/en\/","logo":{"@type":"ImageObject","inLanguage":"en-US","@id":"https:\/\/giteduhautmorvan.fr\/en\/#\/schema\/logo\/image\/","url":"https:\/\/giteduhautmorvan.fr\/wp-content\/uploads\/2024\/07\/gite-du-hautmorvan-logo.png","contentUrl":"https:\/\/giteduhautmorvan.fr\/wp-content\/uploads\/2024\/07\/gite-du-hautmorvan-logo.png","width":200,"height":100,"caption":"Gite du Haut Morvan"},"image":{"@id":"https:\/\/giteduhautmorvan.fr\/en\/#\/schema\/logo\/image\/"},"sameAs":["https:\/\/www.facebook.com\/profile.php?id=61562280535430"]}]}},"_links":{"self":[{"href":"https:\/\/giteduhautmorvan.fr\/en\/wp-json\/wp\/v2\/pages\/513","targetHints":{"allow":["GET"]}}],"collection":[{"href":"https:\/\/giteduhautmorvan.fr\/en\/wp-json\/wp\/v2\/pages"}],"about":[{"href":"https:\/\/giteduhautmorvan.fr\/en\/wp-json\/wp\/v2\/types\/page"}],"author":[{"embeddable":true,"href":"https:\/\/giteduhautmorvan.fr\/en\/wp-json\/wp\/v2\/users\/2"}],"replies":[{"embeddable":true,"href":"https:\/\/giteduhautmorvan.fr\/en\/wp-json\/wp\/v2\/comments?post=513"}],"version-history":[{"count":23,"href":"https:\/\/giteduhautmorvan.fr\/en\/wp-json\/wp\/v2\/pages\/513\/revisions"}],"predecessor-version":[{"id":597,"href":"https:\/\/giteduhautmorvan.fr\/en\/wp-json\/wp\/v2\/pages\/513\/revisions\/597"}],"wp:attachment":[{"href":"https:\/\/giteduhautmorvan.fr\/en\/wp-json\/wp\/v2\/media?parent=513"}],"curies":[{"name":"wp","href":"https:\/\/api.w.org\/{rel}","templated":true}]}}